{"id":7180,"date":"2024-04-09T16:39:50","date_gmt":"2024-04-09T16:39:50","guid":{"rendered":"https:\/\/www.enozoik.com\/?post_type=product&#038;p=7180"},"modified":"2025-05-06T00:04:21","modified_gmt":"2025-05-06T00:04:21","slug":"2021-domaine-borgeot-chassagne-montrachet-vieilles-vignes-bourgogne-kupi-online","status":"publish","type":"product","link":"https:\/\/enozoik.com\/en\/product\/2021-domaine-borgeot-chassagne-montrachet-vieilles-vignes-bourgogne-kupi-online\/","title":{"rendered":"2021, Domaine Borgeot Chassagne Montrachet, Vieilles Vignes, Bourgogne &#8211; kupi online"},"content":{"rendered":"<h3><strong>TKO?<\/strong><\/h3>\n<p>Domaine Borgeot smje\u0161ten je u selu R\u00e9migny u regiji C\u00f4te de Beaune. Osnovan 1903. godine, vode ga bra\u0107a Laurent i Pascal Borgeot, \u010detvrta generacija njihove obitelji koja upravlja ovim posjedom. Posjed obuhva\u0107a 23 hektara vinograda koji se obra\u0111uju u skladu s na\u010delima odr\u017eivosti,\u00a0 u Bouzeronu, Santenayu, Chassagne-Montrachetu i Puligny-Montrachetu. Kako ka\u017ee poslovica u Burgundiji, ako pogledate osobu iza vina, dobit \u0107ete ideju o stilu vina u svojoj \u010da\u0161i. To ne bi moglo biti istinitije za Domaine Borgeot, \u010dija vina pokazuju smirenost i suzdr\u017eanost Pascala, uravnote\u017eenu s razigrano\u0161\u0107u i \u017eivahnosti Laurenta.<\/p>\n<h3><strong>GDJE?<\/strong><\/h3>\n<p>Svi plodovi dolaze iz vinograda unutar obiteljskog imanja, smje\u0161tenih u selu R\u00e9migny u regiji C\u00f4te d&#8217;Or. Ukupna povr\u0161ina pod vinovom lozom iznosi 23 hektara i prostire se po selima Bourzeron, Satenay, Chassagne Montrachet i Puligny Montrachet. U vinogradu, bra\u0107a Pascal i Laurent primjenjuju pristup &#8220;lutte raisonn\u00e9e&#8221;, \u0161to zna\u010di da \u0107e u\u010diniti sve \u0161to je u njihovoj mo\u0107i da se pridr\u017eavaju na\u010dela organskog uzgoja i izbjegavaju upotrebu pesticida. Plodovi za Chassagne-Montrachet Vieilles Vignes dolaze s vinove loze stare prosje\u010dno 60 godina, daju\u0107i prekrasno koncentrirane i dobro definirane okuse kona\u010dnom vinu.<\/p>\n<h3><strong>ZA\u0160TO?<\/strong><\/h3>\n<p>Godina 2021 bila je izazovna za vinogradare i proizvo\u0111a\u010de u Burgundiji. \u00a0Povratak klasi\u010dnijem stilu berbe obilje\u017eenom je svje\u017einom i \u017eivahnom kiselo\u0161\u0107u zahvaljuju\u0107i hladnijim temperaturama i sporijem sazrijevanju, \u0161to je omogu\u0107ilo potpuni razvoj okusa.<\/p>\n","protected":false},"excerpt":{"rendered":"<p>Vieilles Vignes ima ogromnu slo\u017eenost na nosu, s notama citrusa, bilja i pra\u0161njavog mineralnog tona. Na nepcu, dobra kiselost uravnote\u017euje bogatstvo tijela, a na dugom i glatkom zavr\u0161etku osje\u0107a se dodir svje\u017eine.<\/p>\n","protected":false},"featured_media":7183,"template":"","meta":[],"product_brand":[],"product_cat":[66],"product_tag":[29,1630,133],"class_list":{"0":"post-7180","1":"product","2":"type-product","3":"status-publish","4":"has-post-thumbnail","6":"product_cat-bijelo-vino","7":"product_tag-chardonnay","8":"product_tag-domaine-borgeot","9":"product_tag-francuska","10":"pa_berba-1427","11":"pa_drzava-francuska","12":"pa_regija-bourgogne","13":"pa_vinarija-domaine-borgeot","14":"pa_vrste-vina-bijelo-vino","16":"first","17":"outofstock","18":"shipping-taxable","19":"purchasable","20":"product-type-simple"},"_links":{"self":[{"href":"https:\/\/enozoik.com\/en\/wp-json\/wp\/v2\/product\/7180","targetHints":{"allow":["GET"]}}],"collection":[{"href":"https:\/\/enozoik.com\/en\/wp-json\/wp\/v2\/product"}],"about":[{"href":"https:\/\/enozoik.com\/en\/wp-json\/wp\/v2\/types\/product"}],"wp:featuredmedia":[{"embeddable":true,"href":"https:\/\/enozoik.com\/en\/wp-json\/wp\/v2\/media\/7183"}],"wp:attachment":[{"href":"https:\/\/enozoik.com\/en\/wp-json\/wp\/v2\/media?parent=7180"}],"wp:term":[{"taxonomy":"product_brand","embeddable":true,"href":"https:\/\/enozoik.com\/en\/wp-json\/wp\/v2\/product_brand?post=7180"},{"taxonomy":"product_cat","embeddable":true,"href":"https:\/\/enozoik.com\/en\/wp-json\/wp\/v2\/product_cat?post=7180"},{"taxonomy":"product_tag","embeddable":true,"href":"https:\/\/enozoik.com\/en\/wp-json\/wp\/v2\/product_tag?post=7180"}],"curies":[{"name":"wp","href":"https:\/\/api.w.org\/{rel}","templated":true}]}}