{"id":7190,"date":"2024-04-10T09:38:12","date_gmt":"2024-04-10T09:38:12","guid":{"rendered":"https:\/\/www.enozoik.com\/?post_type=product&#038;p=7190"},"modified":"2026-01-06T15:16:35","modified_gmt":"2026-01-06T15:16:35","slug":"2020-chateau-lamothe-bouscaut-blanc-peossac-leognan-bordeaux-kupi-online","status":"publish","type":"product","link":"https:\/\/enozoik.com\/en\/product\/2020-chateau-lamothe-bouscaut-blanc-peossac-leognan-bordeaux-kupi-online\/","title":{"rendered":"2020, Chateau Lamothe &#8211; Bouscaut, Blanc Peossac-Leognan, Bordeaux- kupi online"},"content":{"rendered":"<h3><strong>TKO?<\/strong><\/h3>\n<p>Ch\u00e2teau Lamothe-Bouscaut, smje\u0161ten u selu Cadaujac u Pessac-L\u00e9ognanu, ima bogatu povijest koja se\u017ee u 12. stolje\u0107e. 1999. godine kupio ga je susjedni Ch\u00e2teau Bouscaut, \u010diji su vlasnici Sophie Lurton i Laurent Cogombles. Devet hektara vinograda posjeda zasa\u0111eno je na dubokim \u0161ljunkovitim tlima, a prosje\u010dna starost vinove loze iznosi 35 godina. Njihovi vinogradi odr\u017eivo su uzgajani, pri \u010demu se sve operacije u vinogradu obavljaju ru\u010dno.<\/p>\n<h3><strong>GDJE?<\/strong><\/h3>\n<p>Vinogradi Lamothe-Bouscaut prosje\u010dno su stari 35 godina i rastu blizu rijeke Garonne na dubokim glinenim tlima s osnovom vapnenca. Smje\u0161teni na 200 metara nadmorske visine, vinogradi su zasa\u0111eni s 20% Semillona i 80% Sauvignon Blanc-a. Vinogradi se odr\u017eavaju odr\u017eivo kako bi se po\u0161tovao okoli\u0161.<\/p>\n<h3><strong>ZA\u0160TO?<\/strong><\/h3>\n<p>Ch\u00e2teau Lamothe-Bouscaut mije\u0161a 72% Cabernet Sauvignona, 20% Merlota i 8% Malbeca, fermentiranog u inoksu i betonskim spremnicima, prije starenja u hrastovim ba\u010dvama, tre\u0107ini novih, tijekom 12 mjeseci. Izuzetno pristupa\u010dan u mladosti, ovaj Pessac-L\u00e9ognan je zreo, dare\u017eljiv i izvrstan primjer vo\u0107nih, modernih Bordeauxa koji su ukusni za pi\u0107e sada, ali \u0107e se jednako dobro starenjem jo\u0161 nekoliko godina.<\/p>\n","protected":false},"excerpt":{"rendered":"<p>Svijetlo \u017eute boje. Na nosu arome zrelog kandiranih grejpa, kore naran\u010de, zrelih marelica i breskvi s notama vanilije. Sve skupa nadopunjeno svje\u017eim vo\u0107nim i cvjetnim notama koje se prote\u017eu do dugog, mineralnog zavr\u0161etka.<\/p>\n","protected":false},"featured_media":7191,"template":"","meta":[],"product_brand":[],"product_cat":[66],"product_tag":[1642,133,101,722],"class_list":{"0":"post-7190","1":"product","2":"type-product","3":"status-publish","4":"has-post-thumbnail","6":"product_cat-bijelo-vino","7":"product_tag-chateau-lamothe-bouscaut","8":"product_tag-francuska","9":"product_tag-sauvignon-blanc","10":"product_tag-semillon","11":"pa_berba-1349","12":"pa_drzava-francuska","13":"pa_regija-bordeaux","14":"pa_vinarija-chateau-lamothe-bouscaut","15":"pa_vrste-vina-bijelo-vino","17":"first","18":"instock","19":"shipping-taxable","20":"purchasable","21":"product-type-simple"},"_links":{"self":[{"href":"https:\/\/enozoik.com\/en\/wp-json\/wp\/v2\/product\/7190","targetHints":{"allow":["GET"]}}],"collection":[{"href":"https:\/\/enozoik.com\/en\/wp-json\/wp\/v2\/product"}],"about":[{"href":"https:\/\/enozoik.com\/en\/wp-json\/wp\/v2\/types\/product"}],"wp:featuredmedia":[{"embeddable":true,"href":"https:\/\/enozoik.com\/en\/wp-json\/wp\/v2\/media\/7191"}],"wp:attachment":[{"href":"https:\/\/enozoik.com\/en\/wp-json\/wp\/v2\/media?parent=7190"}],"wp:term":[{"taxonomy":"product_brand","embeddable":true,"href":"https:\/\/enozoik.com\/en\/wp-json\/wp\/v2\/product_brand?post=7190"},{"taxonomy":"product_cat","embeddable":true,"href":"https:\/\/enozoik.com\/en\/wp-json\/wp\/v2\/product_cat?post=7190"},{"taxonomy":"product_tag","embeddable":true,"href":"https:\/\/enozoik.com\/en\/wp-json\/wp\/v2\/product_tag?post=7190"}],"curies":[{"name":"wp","href":"https:\/\/api.w.org\/{rel}","templated":true}]}}