{"id":7213,"date":"2024-04-11T09:34:26","date_gmt":"2024-04-11T09:34:26","guid":{"rendered":"https:\/\/www.enozoik.com\/?post_type=product&#038;p=7213"},"modified":"2025-04-06T16:54:01","modified_gmt":"2025-04-06T16:54:01","slug":"2022-gabrielskloof-magdalena-semillon-walker-bay-kupi-online","status":"publish","type":"product","link":"https:\/\/enozoik.com\/en\/product\/2022-gabrielskloof-magdalena-semillon-walker-bay-kupi-online\/","title":{"rendered":"2022 Gabrielskloof, Magdalena Semillon, Walker Bay &#8211; kupi online"},"content":{"rendered":"<h3><strong>TKO?<\/strong><\/h3>\n<p>Gabri\u00eblskloof je vinarija smje\u0161tena blizu Bot Rivera u regiji Overberg, isto\u010dno od Cape Towna. Kupio ju je 2001. Bernhard Heyns, koji je tra\u017eio idealno mjesto za sadnju vinove loze. Vinogradi se odr\u017eavaju odr\u017eivo s ciljem prelaska na organsko poljoprivredno gospodarstvo u budu\u0107nosti.<\/p>\n<h3><strong>GDJE?<\/strong><\/h3>\n<p>Magdalena 2022 sastoji se od 90% stare loze Semillona i 10% Sauvignon Blanca. Semillon je nabavljen iz nisko prinose\u0107ih, 46 godina starih vinograda u Franschhoeku, koji dodaju teksturalnu dimenziju mje\u0161avini, kao i jo\u0161 starijeg vinograda (posa\u0111enog 1972.) u Swartlandu, posa\u0111enog na razgra\u0111enom granitnom tlu.<\/p>\n<h3><strong>ZA\u0160TO?<\/strong><\/h3>\n<p>Vina iz 2022. godine bile su pod utjecajem intenzivnih valova vru\u0107ine tijekom sezone berbe. Taj je utjecaj djelomi\u010dno ubla\u017een razmjerno hladnom zimom s pristojnom koli\u010dinom ki\u0161e. Berba je pomaknuta unaprijed kako bi se zadr\u017eala svje\u017eina. Kao rezulat, nastala su vina izvrsnog vo\u0107nog inteziteta i karaktera.<\/p>\n","protected":false},"excerpt":{"rendered":"<p>U ovom vinu otkrivaju se slo\u017eeni slojevi medene marelice, dunje i \u0111umbira s naznakom mineralnosti u pozadini. Na nepcu lagano i strukturirano s visokom kiselo\u0161\u0107u, daju\u0107i vinu ravnote\u017eu. \u00a0Zavr\u0161etak je dug i postojan, obilje\u017een citrusnim notama koje ostavljaju osvje\u017eavaju\u0107i osje\u0107aj na nepcu.<\/p>\n","protected":false},"featured_media":7214,"template":"","meta":[],"product_brand":[],"product_cat":[66],"product_tag":[1651,101,722,1631,1649],"class_list":{"0":"post-7213","1":"product","2":"type-product","3":"status-publish","4":"has-post-thumbnail","6":"product_cat-bijelo-vino","7":"product_tag-gabrielskloof","8":"product_tag-sauvignon-blanc","9":"product_tag-semillon","10":"product_tag-south-africa","11":"product_tag-walker-bay","12":"pa_berba-1541","13":"pa_drzava-juznoafricka-republika","14":"pa_regija-walker-bay","15":"pa_vinarija-gabrielskloof","16":"pa_vrste-vina-bijelo-vino","18":"first","19":"instock","20":"shipping-taxable","21":"purchasable","22":"product-type-simple"},"_links":{"self":[{"href":"https:\/\/enozoik.com\/en\/wp-json\/wp\/v2\/product\/7213","targetHints":{"allow":["GET"]}}],"collection":[{"href":"https:\/\/enozoik.com\/en\/wp-json\/wp\/v2\/product"}],"about":[{"href":"https:\/\/enozoik.com\/en\/wp-json\/wp\/v2\/types\/product"}],"wp:featuredmedia":[{"embeddable":true,"href":"https:\/\/enozoik.com\/en\/wp-json\/wp\/v2\/media\/7214"}],"wp:attachment":[{"href":"https:\/\/enozoik.com\/en\/wp-json\/wp\/v2\/media?parent=7213"}],"wp:term":[{"taxonomy":"product_brand","embeddable":true,"href":"https:\/\/enozoik.com\/en\/wp-json\/wp\/v2\/product_brand?post=7213"},{"taxonomy":"product_cat","embeddable":true,"href":"https:\/\/enozoik.com\/en\/wp-json\/wp\/v2\/product_cat?post=7213"},{"taxonomy":"product_tag","embeddable":true,"href":"https:\/\/enozoik.com\/en\/wp-json\/wp\/v2\/product_tag?post=7213"}],"curies":[{"name":"wp","href":"https:\/\/api.w.org\/{rel}","templated":true}]}}