{"id":7295,"date":"2023-12-14T05:39:27","date_gmt":"2023-12-14T05:39:27","guid":{"rendered":"https:\/\/www.enozoik.com\/product\/2014-charles-heidsieck-blanc-de-millenaires-champagne-buy-online\/"},"modified":"2026-01-01T03:47:51","modified_gmt":"2026-01-01T03:47:51","slug":"2014-charles-heidsieck-blanc-de-millenaires-champagne-buy-online","status":"publish","type":"product","link":"https:\/\/enozoik.com\/en\/product\/2014-charles-heidsieck-blanc-de-millenaires-champagne-buy-online\/","title":{"rendered":"2014 Charles Heidsieck Blanc de Millenaires Champagne &#8211; buy online"},"content":{"rendered":"<h3><strong>WHO? <\/strong><\/h3>\n<p>Charles Heidsieck is one of the most awarded wines in the world, backed by one of the most famous winemaking teams in Champagne\u2014chosen 15 times for the prestigious title of &#8216;Sparkling Winemaker of the Year&#8217;. Founded in 1851 by a man who introduced Champagne to America and became known as &#8216;Champagne Charlie&#8217;.<\/p>\n<h3><strong>WHERE?<\/strong><\/h3>\n<p>In this exceptionally textured cuv\u00e9e, only Chardonnay was used. Blanc des Mill\u00e9naires 2014 is made from four of the finest Grand Crus and one Premier Cru in the C\u00f4te des Blancs, selected for their ability to develop and fully express their richness after maturation: Oger, Mesnil-sur-Oger, Avize, Cramant, and Vertus.<\/p>\n<h3><strong>WHY? <\/strong><\/h3>\n<p>The 2014 vintage, the eighth edition of this rare Blanc de Blancs cuv\u00e9e, starting from the first in 1983, boasts sensational freshness of Chardonnay, leading to a rare combination of fruit maturity, with tropical notes of guava and pineapple, and the &#8220;chalk&#8221; effect from the C\u00f4te des Blancs, which adds a mineral touch.<\/p>\n<p>Tom Hewson awards (Decanter.com) &#8211; 95 points<\/p>\n","protected":false},"excerpt":{"rendered":"<p>With its crystalline brilliance and elegant stream of bubbles, it offers freshness, minerality, and salinity on the nose. This transitions into fruity notes of citrus and kiwi before the classic tertiary aromas that define Charles Heidsieck&#8217;s style emerge: pastry, brioche, dates, and dried apricots. The palate reflects the nuanced flavors of the nose, complemented by an exceptionally lush texture and an endless finish.<\/p>\n","protected":false},"featured_media":7264,"template":"","meta":[],"product_brand":[],"product_cat":[1016],"product_tag":[1777,1778],"class_list":{"0":"post-7295","1":"product","2":"type-product","3":"status-publish","4":"has-post-thumbnail","6":"product_cat-sparkling-wine","7":"product_tag-champagne-en-2","8":"product_tag-france-en-3","9":"pa_berba-2014-en","10":"pa_drzava-france","11":"pa_regija-champagne-en","12":"pa_sorta-chardonnay-en","13":"pa_vinarija-charles-heidsieck-en","14":"pa_vrste-vina-sparkling-wine","16":"first","17":"instock","18":"shipping-taxable","19":"purchasable","20":"product-type-simple"},"_links":{"self":[{"href":"https:\/\/enozoik.com\/en\/wp-json\/wp\/v2\/product\/7295","targetHints":{"allow":["GET"]}}],"collection":[{"href":"https:\/\/enozoik.com\/en\/wp-json\/wp\/v2\/product"}],"about":[{"href":"https:\/\/enozoik.com\/en\/wp-json\/wp\/v2\/types\/product"}],"wp:featuredmedia":[{"embeddable":true,"href":"https:\/\/enozoik.com\/en\/wp-json\/wp\/v2\/media\/7264"}],"wp:attachment":[{"href":"https:\/\/enozoik.com\/en\/wp-json\/wp\/v2\/media?parent=7295"}],"wp:term":[{"taxonomy":"product_brand","embeddable":true,"href":"https:\/\/enozoik.com\/en\/wp-json\/wp\/v2\/product_brand?post=7295"},{"taxonomy":"product_cat","embeddable":true,"href":"https:\/\/enozoik.com\/en\/wp-json\/wp\/v2\/product_cat?post=7295"},{"taxonomy":"product_tag","embeddable":true,"href":"https:\/\/enozoik.com\/en\/wp-json\/wp\/v2\/product_tag?post=7295"}],"curies":[{"name":"wp","href":"https:\/\/api.w.org\/{rel}","templated":true}]}}