{"id":7311,"date":"2020-02-28T00:57:15","date_gmt":"2020-02-28T00:57:15","guid":{"rendered":"https:\/\/www.enozoik.com\/product\/nv-jagunic-three-stars-brut-plesivica-okic-buy-online\/"},"modified":"2024-05-11T05:44:17","modified_gmt":"2024-05-11T05:44:17","slug":"nv-jagunic-three-stars-brut-plesivica-okic-buy-online","status":"publish","type":"product","link":"https:\/\/enozoik.com\/en\/product\/nv-jagunic-three-stars-brut-plesivica-okic-buy-online\/","title":{"rendered":"NV Jaguni\u0107 Three Stars Brut, Ple\u0161ivica &#8211; Oki\u0107 &#8211; buy online"},"content":{"rendered":"<div class=\"flex-1 overflow-hidden\">\n<div class=\"react-scroll-to-bottom--css-glvmn-79elbk h-full\">\n<div class=\"react-scroll-to-bottom--css-glvmn-1n7m0yu\">\n<div class=\"flex flex-col text-sm pb-9\">\n<div class=\"w-full text-token-text-primary\" dir=\"auto\" data-testid=\"conversation-turn-31\" data-scroll-anchor=\"true\">\n<div class=\"py-2 px-3 text-base md:px-4 m-auto md:px-5 lg:px-1 xl:px-5\">\n<div class=\"mx-auto flex flex-1 gap-3 text-base juice:gap-4 juice:md:gap-6 md:max-w-3xl lg:max-w-[40rem] xl:max-w-[48rem]\">\n<div class=\"relative flex w-full min-w-0 flex-col agent-turn\">\n<div class=\"flex-col gap-1 md:gap-3\">\n<div class=\"flex flex-grow flex-col max-w-full\">\n<div class=\"min-h-[20px] text-message flex flex-col items-start whitespace-pre-wrap break-words [.text-message+&amp;]:mt-5 juice:w-full juice:items-end overflow-x-auto gap-3\" dir=\"auto\" data-message-author-role=\"assistant\" data-message-id=\"34a3099c-619c-4321-9317-8d7747e6ed94\">\n<div class=\"markdown prose w-full break-words dark:prose-invert light\">\n<h3><strong>WHO? <\/strong><\/h3>\n<p>The Jaguni\u0107 family has dedicated their lives to producing premium wines across four generations. Much love, effort, and hard work have been invested to ensure that every drop satisfies even the most discerning palates. This legacy has been passed down through generations, enriched by the invaluable experience of their grandfathers, while new technologies and trends have been introduced by brothers Dominik and Martin, both agronomy graduates specializing in their respective fields. Today, the winery is focused on producing sparkling, still white, and amber wines. This is precisely the segment where the potential of Ple\u0161ivica shines, one of the most promising terroirs in the recent history of Croatian winemaking.<\/p>\n<h3><strong>WHERE? <\/strong><\/h3>\n<p>Ple\u0161ivica has long been known as an almost perfect place for grape cultivation. It&#8217;s a combination of several factors: the slope of the terrain, their exposure to different sides of the world, soil type, wind exposure, climatic conditions, and human influence. The vineyard sites are carefully chosen based on the variety, rootstock, and the envisioned wine, and they are among the best that Ple\u0161ivica offers on its widely renowned &#8220;amphitheaters.&#8221; The current eight grape varieties are grown in ten locations, all in close proximity to the winery to minimize the time between harvesting and processing. Harvesting is exclusively done by hand and with uncompromising selectivity to ensure excellent raw materials.<\/p>\n<h3><strong>WHY?<\/strong><\/h3>\n<p>The three stars in this case allude to the three top vineyards of the Jaguni\u0107 family from which the grapes for the base wine of this &#8220;multi-ethnic blend&#8221; come. Besides Chardonnay and Riesling, the base of this sparkling wine consists of old Ple\u0161ivica grape varieties (over 15 of them, including Plavec \u017duti), which is reflected most in its authenticity. The traditional Champagne method with optimal aging on yeast (20 months) gives this wine seriousness and character. An ideal balance of citrus, yeastiness, and salty minerality supported by persistent and creamy bubbles.<\/p>\n<\/div>\n<\/div>\n<\/div>\n<\/div>\n<\/div>\n<\/div>\n<\/div>\n<\/div>\n<\/div>\n<\/div>\n<\/div>\n<\/div>\n","protected":false},"excerpt":{"rendered":"<div class=\"flex-1 overflow-hidden\">\n<div class=\"react-scroll-to-bottom--css-glvmn-79elbk h-full\">\n<div class=\"react-scroll-to-bottom--css-glvmn-1n7m0yu\">\n<div class=\"flex flex-col text-sm pb-9\">\n<div class=\"w-full text-token-text-primary\" dir=\"auto\" data-testid=\"conversation-turn-33\" data-scroll-anchor=\"true\">\n<div class=\"py-2 px-3 text-base md:px-4 m-auto md:px-5 lg:px-1 xl:px-5\">\n<div class=\"mx-auto flex flex-1 gap-3 text-base juice:gap-4 juice:md:gap-6 md:max-w-3xl lg:max-w-[40rem] xl:max-w-[48rem]\">\n<div class=\"relative flex w-full min-w-0 flex-col agent-turn\">\n<div class=\"flex-col gap-1 md:gap-3\">\n<div class=\"flex flex-grow flex-col max-w-full\">\n<div class=\"min-h-[20px] text-message flex flex-col items-start whitespace-pre-wrap break-words [.text-message+&amp;]:mt-5 juice:w-full juice:items-end overflow-x-auto gap-3\" dir=\"auto\" data-message-author-role=\"assistant\" data-message-id=\"d3ffe0f3-505b-4f49-8d57-6dcd610cd19f\">\n<div class=\"markdown prose w-full break-words dark:prose-invert light\">\n<p>The three stars in this case allude to the three premier vineyards of the Jaguni\u0107 family, from which the grapes for the base wine of this &#8220;multi-ethnic blend&#8221; originates.<\/p>\n<\/div>\n<\/div>\n<\/div>\n<\/div>\n<\/div>\n<\/div>\n<\/div>\n<\/div>\n<\/div>\n<\/div>\n<\/div>\n<\/div>\n","protected":false},"featured_media":4873,"template":"","meta":[],"product_brand":[],"product_cat":[1016],"product_tag":[1441,1488,1787,1786,1788,1783],"class_list":{"0":"post-7311","1":"product","2":"type-product","3":"status-publish","4":"has-post-thumbnail","6":"product_cat-sparkling-wine","7":"product_tag-chardonnay-en-2","8":"product_tag-jagunic-en-2","9":"product_tag-plavec-zuti-en-2","10":"product_tag-plesivica-en-2","11":"product_tag-rajnski-rizling-en","12":"product_tag-sparkling-wine-en-2","13":"pa_berba-nv-en","14":"pa_drzava-croatia","15":"pa_regija-plesivica-en","16":"pa_regija-plesivica-okic-en","17":"pa_sorta-50-chardonnay-40-multisortni-stari-vinogradi-10-rajnski-rizling-en","18":"pa_vinarija-jagunic-en","19":"pa_vrste-vina-sparkling-wine","21":"first","22":"instock","23":"shipping-taxable","24":"purchasable","25":"product-type-simple"},"_links":{"self":[{"href":"https:\/\/enozoik.com\/en\/wp-json\/wp\/v2\/product\/7311","targetHints":{"allow":["GET"]}}],"collection":[{"href":"https:\/\/enozoik.com\/en\/wp-json\/wp\/v2\/product"}],"about":[{"href":"https:\/\/enozoik.com\/en\/wp-json\/wp\/v2\/types\/product"}],"wp:featuredmedia":[{"embeddable":true,"href":"https:\/\/enozoik.com\/en\/wp-json\/wp\/v2\/media\/4873"}],"wp:attachment":[{"href":"https:\/\/enozoik.com\/en\/wp-json\/wp\/v2\/media?parent=7311"}],"wp:term":[{"taxonomy":"product_brand","embeddable":true,"href":"https:\/\/enozoik.com\/en\/wp-json\/wp\/v2\/product_brand?post=7311"},{"taxonomy":"product_cat","embeddable":true,"href":"https:\/\/enozoik.com\/en\/wp-json\/wp\/v2\/product_cat?post=7311"},{"taxonomy":"product_tag","embeddable":true,"href":"https:\/\/enozoik.com\/en\/wp-json\/wp\/v2\/product_tag?post=7311"}],"curies":[{"name":"wp","href":"https:\/\/api.w.org\/{rel}","templated":true}]}}