{"id":7313,"date":"2020-02-27T18:57:04","date_gmt":"2020-02-27T18:57:04","guid":{"rendered":"https:\/\/www.enozoik.com\/product\/2020-jagunic-blanc-de-blancs-brut-plesivica-okic-buy-online\/"},"modified":"2026-01-01T03:47:52","modified_gmt":"2026-01-01T03:47:52","slug":"2020-jagunic-blanc-de-blancs-brut-plesivica-okic-buy-online","status":"publish","type":"product","link":"https:\/\/enozoik.com\/en\/product\/2020-jagunic-blanc-de-blancs-brut-plesivica-okic-buy-online\/","title":{"rendered":"2020 Jaguni\u0107 Blanc de Blancs Brut, Ple\u0161ivica &#8211; Oki\u0107 &#8211; buy online"},"content":{"rendered":"<div class=\"flex-1 overflow-hidden\">\n<div class=\"react-scroll-to-bottom--css-glvmn-79elbk h-full\">\n<div class=\"react-scroll-to-bottom--css-glvmn-1n7m0yu\">\n<div class=\"flex flex-col text-sm pb-9\">\n<div class=\"w-full text-token-text-primary\" dir=\"auto\" data-testid=\"conversation-turn-39\" data-scroll-anchor=\"true\">\n<div class=\"py-2 px-3 text-base md:px-4 m-auto md:px-5 lg:px-1 xl:px-5\">\n<div class=\"mx-auto flex flex-1 gap-3 text-base juice:gap-4 juice:md:gap-6 md:max-w-3xl lg:max-w-[40rem] xl:max-w-[48rem]\">\n<div class=\"relative flex w-full min-w-0 flex-col agent-turn\">\n<div class=\"flex-col gap-1 md:gap-3\">\n<div class=\"flex flex-grow flex-col max-w-full\">\n<div class=\"min-h-[20px] text-message flex flex-col items-start whitespace-pre-wrap break-words [.text-message+&amp;]:mt-5 juice:w-full juice:items-end overflow-x-auto gap-3\" dir=\"auto\" data-message-author-role=\"assistant\" data-message-id=\"2b974346-1ad6-426c-a3ac-135d58f90a24\">\n<div class=\"markdown prose w-full break-words dark:prose-invert light\">\n<h3><strong>WHO? <\/strong><\/h3>\n<p>The Jaguni\u0107 family has dedicated their lives to producing premium wines across four generations. Every drop is infused with love, effort, and hard work to satisfy even the most discerning palates. This legacy has been passed down through generations, enriched by the invaluable experience of their grandfathers. Brothers Dominik and Martin, both agronomy graduates specializing in their respective fields, have introduced new technologies, following trends. Today, the winery focuses on producing sparkling, still white, and amber wines. This is precisely the segment where the potential of Ple\u0161ivica shines, one of the most promising terroirs in the recent history of Croatian winemaking.<\/p>\n<h3><strong>WHERE?<\/strong><\/h3>\n<p>Ple\u0161ivica has long been known as an almost perfect place for grape cultivation. It&#8217;s a combination of several factors: the slope of the terrain, their exposure to different sides of the world, soil type, wind exposure, climatic conditions, and human influence. The vineyard sites are carefully chosen based on the variety, rootstock, and the envisioned wine, and they are among the best that Ple\u0161ivica offers on its widely renowned &#8220;amphitheaters.&#8221; The current eight grape varieties are grown in ten locations, all in close proximity to the winery to minimize the time between harvesting and processing. Harvesting is exclusively done by hand and with uncompromising selectivity to ensure excellent raw materials.<\/p>\n<h3><strong>WHY? <\/strong><\/h3>\n<p>Crafted using the classic or Champagne method (French: m\u00e9thode champenoise), this sparkling wine combines the elegance of the variety with the richness imparted by a prolonged secondary fermentation and aging on lees (over 30 months). The base wine (100% Chardonnay, hence the name blanc de blancs, or &#8220;white wine from white grapes&#8221; in loose translation) is aged in old wooden barrels and specially prepared for this vintage sparkling wine. It offers a fantastic balance and precision on the palate, where acidity and minerality hold focus and provide sharpness without rough edges. Typical autolytic notes (breadcrumbs, brioche, toast) alternate with aromas of lemon creaminess and Granny Smith apples, lifted to the surface by the relentless effervescence of tiny bubbles.<\/p>\n<\/div>\n<\/div>\n<\/div>\n<\/div>\n<\/div>\n<\/div>\n<\/div>\n<\/div>\n<\/div>\n<\/div>\n<\/div>\n<\/div>\n","protected":false},"excerpt":{"rendered":"<div class=\"flex-1 overflow-hidden\">\n<div class=\"react-scroll-to-bottom--css-glvmn-79elbk h-full\">\n<div class=\"react-scroll-to-bottom--css-glvmn-1n7m0yu\">\n<div class=\"flex flex-col text-sm pb-9\">\n<div class=\"w-full text-token-text-primary\" dir=\"auto\" data-testid=\"conversation-turn-41\" data-scroll-anchor=\"true\">\n<div class=\"py-2 px-3 text-base md:px-4 m-auto md:px-5 lg:px-1 xl:px-5\">\n<div class=\"mx-auto flex flex-1 gap-3 text-base juice:gap-4 juice:md:gap-6 md:max-w-3xl lg:max-w-[40rem] xl:max-w-[48rem]\">\n<div class=\"relative flex w-full min-w-0 flex-col agent-turn\">\n<div class=\"flex-col gap-1 md:gap-3\">\n<div class=\"flex flex-grow flex-col max-w-full\">\n<div class=\"min-h-[20px] text-message flex flex-col items-start whitespace-pre-wrap break-words [.text-message+&amp;]:mt-5 juice:w-full juice:items-end overflow-x-auto gap-3\" dir=\"auto\" data-message-author-role=\"assistant\" data-message-id=\"7bb45ffb-f291-456f-a561-066ff25e5f20\">\n<div class=\"markdown prose w-full break-words dark:prose-invert light\">\n<p>Crafted using the classic or Champagne method (French: m\u00e9thode champenoise), this sparkling wine combines the elegance of the variety with the richness imparted by a prolonged secondary fermentation and aging on lees (over 30 months).<\/p>\n<\/div>\n<\/div>\n<\/div>\n<\/div>\n<\/div>\n<\/div>\n<\/div>\n<\/div>\n<\/div>\n<\/div>\n<\/div>\n<\/div>\n","protected":false},"featured_media":4871,"template":"","meta":[],"product_brand":[],"product_cat":[1014,1016],"product_tag":[1792,1793,1441,1488,1794,1786,1795],"class_list":{"0":"post-7313","1":"product","2":"type-product","3":"status-publish","4":"has-post-thumbnail","6":"product_cat-our-choice","7":"product_cat-sparkling-wine","8":"product_tag-blanc-de-blancs-en-2","9":"product_tag-brut-nature-en-2","10":"product_tag-chardonnay-en-2","11":"product_tag-jagunic-en-2","12":"product_tag-non-dosage-en-2","13":"product_tag-plesivica-en-2","14":"product_tag-zero-dosage-en-2","15":"pa_berba-2023-en","16":"pa_drzava-croatia","17":"pa_regija-plesivica-en","18":"pa_regija-plesivica-okic-en","19":"pa_sorta-chardonnay-en","20":"pa_vinarija-jagunic-en","21":"pa_vrste-vina-sparkling-wine","23":"first","24":"instock","25":"shipping-taxable","26":"purchasable","27":"product-type-simple"},"_links":{"self":[{"href":"https:\/\/enozoik.com\/en\/wp-json\/wp\/v2\/product\/7313","targetHints":{"allow":["GET"]}}],"collection":[{"href":"https:\/\/enozoik.com\/en\/wp-json\/wp\/v2\/product"}],"about":[{"href":"https:\/\/enozoik.com\/en\/wp-json\/wp\/v2\/types\/product"}],"wp:featuredmedia":[{"embeddable":true,"href":"https:\/\/enozoik.com\/en\/wp-json\/wp\/v2\/media\/4871"}],"wp:attachment":[{"href":"https:\/\/enozoik.com\/en\/wp-json\/wp\/v2\/media?parent=7313"}],"wp:term":[{"taxonomy":"product_brand","embeddable":true,"href":"https:\/\/enozoik.com\/en\/wp-json\/wp\/v2\/product_brand?post=7313"},{"taxonomy":"product_cat","embeddable":true,"href":"https:\/\/enozoik.com\/en\/wp-json\/wp\/v2\/product_cat?post=7313"},{"taxonomy":"product_tag","embeddable":true,"href":"https:\/\/enozoik.com\/en\/wp-json\/wp\/v2\/product_tag?post=7313"}],"curies":[{"name":"wp","href":"https:\/\/api.w.org\/{rel}","templated":true}]}}