{"id":7362,"date":"2024-01-06T06:55:53","date_gmt":"2024-01-06T06:55:53","guid":{"rendered":"https:\/\/www.enozoik.com\/product\/2020-pedro-parra-soulpit-pais-itata-valley-buy-online\/"},"modified":"2024-01-06T06:55:53","modified_gmt":"2024-01-06T06:55:53","slug":"2020-pedro-parra-soulpit-pais-itata-valley-buy-online","status":"publish","type":"product","link":"https:\/\/enozoik.com\/en\/product\/2020-pedro-parra-soulpit-pais-itata-valley-buy-online\/","title":{"rendered":"2020 Pedro Parra \u2018Soulpit\u2019 Pais, Itata Valley &#8211; buy online"},"content":{"rendered":"<div class=\"sticky top-0 juice:p-3 mb-1.5 flex items-center justify-between z-10 h-14 p-2 font-semibold bg-token-main-surface-primary\">\n<div class=\"flex gap-2 pr-1\">\n<div class=\"flex items-center justify-center overflow-hidden rounded-full\">\n<h3><strong>WHO?<\/strong><\/h3>\n<p>Pedro Parra is a renowned expert in soil and vineyard mapping, holding a master&#8217;s degree and a Ph.D. in precision agriculture and terroir from the Institut Agronomique National in Paris. In 2013, with the help of consulting enologist and longtime friend and business partner Alberto Antonini, Pedro introduced Chilean wines under his own eponymous label. His vision is simple: to create pure wines from old vines in the Itata region, grown on granite soils, and to support local &#8220;brave viticulturists&#8221; who have been protecting the land and vines for centuries.<\/p>\n<h3><strong>WHERE?<\/strong><\/h3>\n<p>The historic Chilean wine region of Itata, where vines were planted nearly 500 years ago by Spanish missionaries, is located 500 kilometers south of Santiago. It is characterized by refreshing Pacific Ocean breezes, moderate temperatures, and cloudy summers, which allow for the gradual ripening of grapes. In recent years, the region has experienced a renaissance, with a new generation of winemakers like Pedro championing old vines and celebrating the region&#8217;s viticultural traditions.<\/p>\n<h3><strong>WHY?<\/strong><\/h3>\n<p>Soulpit is a new wine from Pedro Parra&#8217;s rapidly growing operation, made from old Pa\u00eds vines from \u00d1ipas near the winery. The 2020 Pa\u00eds Soulpit was fermented and aged in concrete. Cherry red in the glass, it presents a rather ripe and bold nose with notes of sour cherry jam, hints of earth, and refined fruit flavors. On the palate, it is compact with fine, active tannins, hints of ash, a bit of chalk, and precise freshness leading to a fruity finish.<\/p>\n<\/div>\n<\/div>\n<\/div>\n","protected":false},"excerpt":{"rendered":"<p>Cherry red in the glass. On the nose, it is quite ripe and bold, with notes of sour cherry jam, hints of earth, and refined fruit flavors. On the palate, it is compact with fine, active tannins, hints of ash, a bit of chalk, and precise freshness leading to a fruity finish.<\/p>\n","protected":false},"featured_media":6772,"template":"","meta":[],"product_brand":[],"product_cat":[1010],"product_tag":[1858,1860,1861,1859],"class_list":{"0":"post-7362","1":"product","2":"type-product","3":"status-publish","4":"has-post-thumbnail","6":"product_cat-red-wine","7":"product_tag-chile-en-2","8":"product_tag-itata-valley-en-2","9":"product_tag-pais-en","10":"product_tag-pedro-parra-en-2","11":"pa_berba-2021-en","12":"pa_drzava-chile","13":"pa_regija-itata-valley-en","14":"pa_vinarija-pedro-parra-en","15":"pa_vrste-vina-red-wine","17":"first","18":"instock","19":"shipping-taxable","20":"purchasable","21":"product-type-simple"},"_links":{"self":[{"href":"https:\/\/enozoik.com\/en\/wp-json\/wp\/v2\/product\/7362","targetHints":{"allow":["GET"]}}],"collection":[{"href":"https:\/\/enozoik.com\/en\/wp-json\/wp\/v2\/product"}],"about":[{"href":"https:\/\/enozoik.com\/en\/wp-json\/wp\/v2\/types\/product"}],"wp:featuredmedia":[{"embeddable":true,"href":"https:\/\/enozoik.com\/en\/wp-json\/wp\/v2\/media\/6772"}],"wp:attachment":[{"href":"https:\/\/enozoik.com\/en\/wp-json\/wp\/v2\/media?parent=7362"}],"wp:term":[{"taxonomy":"product_brand","embeddable":true,"href":"https:\/\/enozoik.com\/en\/wp-json\/wp\/v2\/product_brand?post=7362"},{"taxonomy":"product_cat","embeddable":true,"href":"https:\/\/enozoik.com\/en\/wp-json\/wp\/v2\/product_cat?post=7362"},{"taxonomy":"product_tag","embeddable":true,"href":"https:\/\/enozoik.com\/en\/wp-json\/wp\/v2\/product_tag?post=7362"}],"curies":[{"name":"wp","href":"https:\/\/api.w.org\/{rel}","templated":true}]}}