{"id":7367,"date":"2024-01-04T18:34:36","date_gmt":"2024-01-04T18:34:36","guid":{"rendered":"https:\/\/www.enozoik.com\/product\/2016-skegro-carsus-blatina-hercegovina-buy-online\/"},"modified":"2024-01-04T18:34:36","modified_gmt":"2024-01-04T18:34:36","slug":"2016-skegro-carsus-blatina-hercegovina-buy-online","status":"publish","type":"product","link":"https:\/\/enozoik.com\/en\/product\/2016-skegro-carsus-blatina-hercegovina-buy-online\/","title":{"rendered":"2016 \u0160kegro Carsus Blatina, Hercegovina &#8211; buy online"},"content":{"rendered":"<h3><strong>WHO?<\/strong><\/h3>\n<p>The \u0160kegro Winery started operations in 1996. Long ago, it was almost unheard of for a household not to have a vineyard planted with \u017dilavka, Blatina, and other indigenous grape varieties. The wine produced was stored in wooden barrels and used mainly for personal consumption. This is how the family story of the \u0160kegro family began, a story in which tradition was passed down from generation to generation until one day it grew into a business that the whole family genuinely enjoys and participates in. The Herzegovinian karst produces renowned wines that have long been used for pleasure and refreshment.<\/p>\n<h3><strong>WHERE?<\/strong><\/h3>\n<p>The \u0160kegro Winery has situated its vines in the Herzegovinian region. The vineyards, planted with \u017dilavka, Blatina, and a few other varieties, are part of the Mostar vineyard area and are located near the cellar in Radi\u0161i\u0107i (Ljubu\u0161ki). The winery boasts the following wines: Kr\u0161 Bijeli \u017dilavka, Kr\u0161 Crni Blatina, Kr\u0161 Rose Blatina, Carsus Blatina, Carsus \u017dilavka, and Kr\u0161 Orange. The quantities of wine are limited, aiming to achieve the highest quality product. Annually, this amounts to 8000 liters of wine from the basic Kr\u0161 line, and 4000 liters from the Premium Carsus line. The region, full of sunshine, solid rock, and a healthy ecological foundation with a centuries-old tradition, produces wines of exceptional quality.<\/p>\n<h3><strong>WHY?<\/strong><\/h3>\n<p>Blatina is a delicate and mild grape variety typically enjoyed young, but in this case, it has matured in the cellar with the ambition to develop further over time. Over time, the integration of oak imparts the desired effect on Blatina. The fruit becomes deeper, and aromas emerge. The specific earthy note of Blatina comes to the fore, intertwined with dried red and black fruits. Decanting is recommended.<\/p>\n","protected":false},"excerpt":{"rendered":"<p>Back in the time, it was almost uncommon for a household not to have a vineyard planted with Blatina and other indigenous grape varieties. Blatina is a delicate and mild grape variety that is typically enjoyed young, but in this case, it has matured in the cellar with the ambition to develop further over time.<\/p>\n","protected":false},"featured_media":6750,"template":"","meta":[],"product_brand":[],"product_cat":[1010],"product_tag":[1868,1867,1869],"class_list":{"0":"post-7367","1":"product","2":"type-product","3":"status-publish","4":"has-post-thumbnail","6":"product_cat-red-wine","7":"product_tag-blatina-en-2","8":"product_tag-bosna-i-hercegovina-en","9":"product_tag-skegro-en","10":"pa_berba-2023-en","11":"pa_drzava-bih-en","12":"pa_regija-hercegovina-en","13":"pa_vinarija-skegro-en","14":"pa_vrste-vina-red-wine","16":"first","17":"instock","18":"shipping-taxable","19":"purchasable","20":"product-type-simple"},"_links":{"self":[{"href":"https:\/\/enozoik.com\/en\/wp-json\/wp\/v2\/product\/7367","targetHints":{"allow":["GET"]}}],"collection":[{"href":"https:\/\/enozoik.com\/en\/wp-json\/wp\/v2\/product"}],"about":[{"href":"https:\/\/enozoik.com\/en\/wp-json\/wp\/v2\/types\/product"}],"wp:featuredmedia":[{"embeddable":true,"href":"https:\/\/enozoik.com\/en\/wp-json\/wp\/v2\/media\/6750"}],"wp:attachment":[{"href":"https:\/\/enozoik.com\/en\/wp-json\/wp\/v2\/media?parent=7367"}],"wp:term":[{"taxonomy":"product_brand","embeddable":true,"href":"https:\/\/enozoik.com\/en\/wp-json\/wp\/v2\/product_brand?post=7367"},{"taxonomy":"product_cat","embeddable":true,"href":"https:\/\/enozoik.com\/en\/wp-json\/wp\/v2\/product_cat?post=7367"},{"taxonomy":"product_tag","embeddable":true,"href":"https:\/\/enozoik.com\/en\/wp-json\/wp\/v2\/product_tag?post=7367"}],"curies":[{"name":"wp","href":"https:\/\/api.w.org\/{rel}","templated":true}]}}