{"id":7368,"date":"2024-01-04T18:06:16","date_gmt":"2024-01-04T18:06:16","guid":{"rendered":"https:\/\/www.enozoik.com\/product\/2021-skegro-krs-crni-hercegovina-buy-online\/"},"modified":"2024-11-19T09:11:08","modified_gmt":"2024-11-19T09:11:08","slug":"2021-skegro-krs-crni-hercegovina-buy-online","status":"publish","type":"product","link":"https:\/\/enozoik.com\/en\/product\/2021-skegro-krs-crni-hercegovina-buy-online\/","title":{"rendered":"2021 \u0160kegro Kr\u0161 crni, Hercegovina &#8211; buy online"},"content":{"rendered":"<h3><strong>WHO?<\/strong><\/h3>\n<p>The \u0160kegro Winery started operations in 1996. Long ago, it was almost unheard of for a household not to have a vineyard planted with \u017dilavka, Blatina, and other indigenous grape varieties. The wine produced was stored in wooden barrels and used mainly for personal consumption. This is how the family story of the \u0160kegro family began\u2014a story in which tradition was passed down from generation to generation until one day it grew into a business that the whole family genuinely enjoys and participates in. The Herzegovinian karst produces renowned wines that have long been used for pleasure and refreshment.<\/p>\n<h3><strong>WHERE?<\/strong><\/h3>\n<p>The \u0160kegro Winery has situated its vines in the Herzegovinian region. The vineyards, planted with \u017dilavka, Blatina, and a few other varieties, are part of the Mostar vineyard area and are located near the cellar in Radi\u0161i\u0107i (Ljubu\u0161ki). The winery boasts the following wines: Kr\u0161 Bijeli \u017dilavka, Kr\u0161 Crni Blatina, Kr\u0161 Rose Blatina, Carsus Blatina, Carsus \u017dilavka, and Kr\u0161 Orange. The quantities of wine are limited, aiming to achieve the highest quality product. Annually, this amounts to 8000 liters of wine from the basic Kr\u0161 line and 4000 liters from the premium Carsus line. The region, full of sunshine, solid rock, and a healthy ecological foundation with a centuries-old tradition, produces wines of exceptional quality.<\/p>\n<h3><strong>WHY?<\/strong><\/h3>\n<p>Kr\u0161 Crni is made from 85% Blatina. The profile is completed by Alicante Bouschet, which contributes, among other things, to the fascinating depths of purple color. Gamay helps highlight the characteristic fruitiness of Blatina. This is a thoughtfully crafted wine in which Blatina stands out, showcasing its character. Over time, this wine develops earthy notes that are very often associated with this variety.<\/p>\n","protected":false},"excerpt":{"rendered":"<p>A very thoughtfully crafted wine in which Blatina stands out, showcasing its character. Over time, this wine develops earthy notes that are very often associated with this variety.<\/p>\n","protected":false},"featured_media":6744,"template":"","meta":[],"product_brand":[],"product_cat":[1010],"product_tag":[1868,1867,1869],"class_list":{"0":"post-7368","1":"product","2":"type-product","3":"status-publish","4":"has-post-thumbnail","6":"product_cat-red-wine","7":"product_tag-blatina-en-2","8":"product_tag-bosna-i-hercegovina-en","9":"product_tag-skegro-en","10":"pa_berba-2022-en","11":"pa_drzava-bih-en","12":"pa_regija-hercegovina-en","13":"pa_vinarija-skegro-en","14":"pa_vrste-vina-red-wine","16":"first","17":"instock","18":"shipping-taxable","19":"purchasable","20":"product-type-simple"},"_links":{"self":[{"href":"https:\/\/enozoik.com\/en\/wp-json\/wp\/v2\/product\/7368","targetHints":{"allow":["GET"]}}],"collection":[{"href":"https:\/\/enozoik.com\/en\/wp-json\/wp\/v2\/product"}],"about":[{"href":"https:\/\/enozoik.com\/en\/wp-json\/wp\/v2\/types\/product"}],"wp:featuredmedia":[{"embeddable":true,"href":"https:\/\/enozoik.com\/en\/wp-json\/wp\/v2\/media\/6744"}],"wp:attachment":[{"href":"https:\/\/enozoik.com\/en\/wp-json\/wp\/v2\/media?parent=7368"}],"wp:term":[{"taxonomy":"product_brand","embeddable":true,"href":"https:\/\/enozoik.com\/en\/wp-json\/wp\/v2\/product_brand?post=7368"},{"taxonomy":"product_cat","embeddable":true,"href":"https:\/\/enozoik.com\/en\/wp-json\/wp\/v2\/product_cat?post=7368"},{"taxonomy":"product_tag","embeddable":true,"href":"https:\/\/enozoik.com\/en\/wp-json\/wp\/v2\/product_tag?post=7368"}],"curies":[{"name":"wp","href":"https:\/\/api.w.org\/{rel}","templated":true}]}}