{"id":7407,"date":"2021-04-21T21:16:11","date_gmt":"2021-04-21T21:16:11","guid":{"rendered":"https:\/\/www.enozoik.com\/product\/2019-bedalov-dobricic-srednja-i-juzna-dalmacija-kastela-trogir-buy-online\/"},"modified":"2025-10-28T05:49:52","modified_gmt":"2025-10-28T05:49:52","slug":"2019-bedalov-dobricic-srednja-i-juzna-dalmacija-kastela-trogir-buy-online","status":"publish","type":"product","link":"https:\/\/enozoik.com\/en\/product\/2019-bedalov-dobricic-srednja-i-juzna-dalmacija-kastela-trogir-buy-online\/","title":{"rendered":"2019 Bedalov Dobri\u010di\u0107 Srednja i Ju\u017ena Dalmacija, Ka\u0161tela \u2013 Trogir \u2013 buy online"},"content":{"rendered":"<div class=\"flex-1 overflow-hidden\">\n<div class=\"react-scroll-to-bottom--css-kgrvl-79elbk h-full\">\n<div class=\"react-scroll-to-bottom--css-kgrvl-1n7m0yu\">\n<div class=\"flex flex-col text-sm pb-9\">\n<div class=\"w-full text-token-text-primary\" dir=\"auto\" data-testid=\"conversation-turn-27\" data-scroll-anchor=\"true\">\n<div class=\"py-2 juice:py-[18px] px-3 text-base md:px-4 m-auto md:px-5 lg:px-1 xl:px-5\">\n<div class=\"mx-auto flex flex-1 gap-3 text-base juice:gap-4 juice:md:gap-6 md:max-w-3xl lg:max-w-[40rem] xl:max-w-[48rem]\">\n<div class=\"group\/conversation-turn relative flex w-full min-w-0 flex-col agent-turn\">\n<div class=\"flex-col gap-1 md:gap-3\">\n<div class=\"flex flex-grow flex-col max-w-full\">\n<div class=\"min-h-[20px] text-message flex flex-col items-start whitespace-pre-wrap break-words [.text-message+&amp;]:mt-5 juice:w-full juice:items-end overflow-x-auto gap-2\" dir=\"auto\" data-message-author-role=\"assistant\" data-message-id=\"e5743e77-b815-4c8f-ab44-52a106429b55\">\n<div class=\"flex w-full flex-col gap-1 juice:empty:hidden juice:first:pt-[3px]\">\n<div class=\"markdown prose w-full break-words dark:prose-invert light\">\n<h3><strong>WHO? <\/strong><\/h3>\n<p>Bedalov Winery is a true family winery. They independently handle all the work, from tending the vineyards to producing and bottling the wine. This personal involvement in the entire process and the desire for continuous quality is evident in the special care given to each bottle of wine. Viticulture is a particular passion within the family, nurtured for many years. Winemaker Jak\u0161a, along with his family, continues this long-standing passion to reinforce the importance of wine in everyday life and to preserve the land for future generations. With family care and ecological production, each bottle is made from 100% estate-grown grapes, fully representing the authentic Dalmatian vineyard.<\/p>\n<h3><strong>WHERE? <\/strong><\/h3>\n<p>Bedalov Winery is located in Ka\u0161tel Kambelovac, near Split. On the southern slopes of Kozjak, at an altitude of 400 meters and a slope of 45%, in the location of Kambelovski gaj, lies the vineyard where the Bedalov family cultivates indigenous Dalmatian grape varieties. This position is ideal for organic viticulture due to its southern exposure, excellent ventilation, ideal temperatures, and prolonged sun exposure. In this perfect location, the grapes are bathed in sunlight and sea salt carried by the wind. Through organic farming, the vineyard has become a self-regulating natural ecosystem that requires minimal human intervention and no additional inputs.<\/p>\n<h3><strong>WHY? <\/strong><\/h3>\n<p>Dobri\u010di\u0107, a minor Dalmatian indigenous variety in terms of planted area, gained attention when it was discovered to be one of the parents of the most famous Croatian red grape variety, Plavac Mali. Originating from the island of \u0160olta, it did not spread beyond the nearby Ka\u0161tela bay as a growing area. While the total number of producers bottling single-variety Dobri\u010di\u0107 can barely be counted on one hand, Jak\u0161a Bedalov is currently vinifying perhaps a textbook example. All practices from the vineyard to the cellar are aimed at preserving the unadulterated symbiosis of the variety, the region, and the winemaker. The wine exhibits earthy fruitiness, dusty minerality, and an ethereal balsamic descent.<\/p>\n<\/div>\n<\/div>\n<\/div>\n<\/div>\n<\/div>\n<\/div>\n<\/div>\n<\/div>\n<\/div>\n<\/div>\n<\/div>\n<\/div>\n<\/div>\n","protected":false},"excerpt":{"rendered":"<p>Dobri\u010di\u0107, a minor (in terms of planted area) Dalmatian indigenous variety, was brought out of complete obscurity by the discovery that it is one of the parents of our most famous black grape variety, Plavac Mali.<\/p>\n","protected":false},"featured_media":5040,"template":"","meta":[],"product_brand":[],"product_cat":[1010],"product_tag":[1938,1934,1941,1940,1939,1936,1937,1935],"class_list":{"0":"post-7407","1":"product","2":"type-product","3":"status-publish","4":"has-post-thumbnail","6":"product_cat-red-wine","7":"product_tag-bedalov-en","8":"product_tag-crljenak-en-2","9":"product_tag-dobricic-en","10":"product_tag-kastel-kambelovac-en","11":"product_tag-kastela-trogir-en","12":"product_tag-plavac-mali-en-2","13":"product_tag-srednja-i-juzna-dalamcija-en","14":"product_tag-tribidrag-en-2","15":"pa_berba-2021-en","16":"pa_drzava-croatia","17":"pa_regija-kastela-trogir-srednja-i-juzna-dalmacija-en","18":"pa_sorta-dobricic-en","19":"pa_vinarija-bedalov-en","20":"pa_vrste-vina-red-wine","22":"first","23":"instock","24":"shipping-taxable","25":"purchasable","26":"product-type-simple"},"_links":{"self":[{"href":"https:\/\/enozoik.com\/en\/wp-json\/wp\/v2\/product\/7407","targetHints":{"allow":["GET"]}}],"collection":[{"href":"https:\/\/enozoik.com\/en\/wp-json\/wp\/v2\/product"}],"about":[{"href":"https:\/\/enozoik.com\/en\/wp-json\/wp\/v2\/types\/product"}],"wp:featuredmedia":[{"embeddable":true,"href":"https:\/\/enozoik.com\/en\/wp-json\/wp\/v2\/media\/5040"}],"wp:attachment":[{"href":"https:\/\/enozoik.com\/en\/wp-json\/wp\/v2\/media?parent=7407"}],"wp:term":[{"taxonomy":"product_brand","embeddable":true,"href":"https:\/\/enozoik.com\/en\/wp-json\/wp\/v2\/product_brand?post=7407"},{"taxonomy":"product_cat","embeddable":true,"href":"https:\/\/enozoik.com\/en\/wp-json\/wp\/v2\/product_cat?post=7407"},{"taxonomy":"product_tag","embeddable":true,"href":"https:\/\/enozoik.com\/en\/wp-json\/wp\/v2\/product_tag?post=7407"}],"curies":[{"name":"wp","href":"https:\/\/api.w.org\/{rel}","templated":true}]}}