{"id":7487,"date":"2019-03-25T21:15:09","date_gmt":"2019-03-25T21:15:09","guid":{"rendered":"https:\/\/www.enozoik.com\/product\/2020-frederic-berne-morgon-corcelette-buy-online\/"},"modified":"2019-03-25T21:15:09","modified_gmt":"2019-03-25T21:15:09","slug":"2020-frederic-berne-morgon-corcelette-buy-online","status":"publish","type":"product","link":"https:\/\/enozoik.com\/en\/product\/2020-frederic-berne-morgon-corcelette-buy-online\/","title":{"rendered":"2020 Fr\u00e9d\u00e9ric Berne Morgon `Corcelette` &#8211; buy online"},"content":{"rendered":"<h3><strong>WHO?<\/strong><\/h3>\n<p>Fr\u00e9d\u00e9ric Berne has always felt a deep connection to the land surrounding him. Encouraged by his parents and drawn to wine&#8217;s ability to express its terroir, he decided to become a winemaker. After spending several years in southern Burgundy, Fr\u00e9d\u00e9ric embarked on his own journey in 2013. Inspired by the diversity of granite soils in Lantigni\u00e9, Fr\u00e9d\u00e9ric materialized his ideas in the heart of the village, on the grounds of Ch\u00e2teau de Vergers.<\/p>\n<h3><strong>WHERE?<\/strong><\/h3>\n<p>Fr\u00e9d\u00e9ric owns 6 hectares of vineyards between Beaujolais Villages, Morgon, and Chiroubles, which are currently in the process of conversion to an organic model. His prime parcel in Morgon, Corcelette (covering just 1 hectare), lies on a granite-sandy substrate at an altitude of 400 meters above sea level. Corcelette is one of the most prestigious microclimates in Morgon, producing wines of exceptional intensity and captivating mineral expression.<\/p>\n<h3><strong>WHY?<\/strong><\/h3>\n<p>Corcelette is nestled within the magnificent Morgon vineyard, classified as one of the 10 official Cru sites in Beaujolais. As one of the most esteemed positions, it holds an almost cult status among professionals and enthusiasts alike. In the glass, it reveals an almost impenetrable ruby color, while seducing the nose with a captivating blend of red and black fruits; black raspberry, blackcurrant, and fresh red and black cherries wrapped in a luxurious cloak of violets, white pepper, and crushed granite.<\/p>\n","protected":false},"excerpt":{"rendered":"<div class=\"flex-shrink-0 flex flex-col relative items-end\">\n<div>\n<div class=\"pt-0.5 juice:pt-0\">\n<div class=\"gizmo-bot-avatar flex h-6 w-6 items-center justify-center overflow-hidden rounded-full juice:h-8 juice:w-8\">\n<div class=\"relative p-1 rounded-sm flex items-center justify-center bg-token-main-surface-primary text-token-text-primary h-8 w-8\"><span style=\"color: #555555; font-size: 14.4px;\">Corcelette is nestled within the magnificent Morgon vineyard, classified as one of the 10 official Cru sites in Beaujolais.<\/span><\/div>\n<\/div>\n<\/div>\n<\/div>\n<\/div>\n","protected":false},"featured_media":4807,"template":"","meta":[],"product_brand":[],"product_cat":[1010],"product_tag":[2011,1796,2013,2012,2014],"class_list":{"0":"post-7487","1":"product","2":"type-product","3":"status-publish","4":"has-post-thumbnail","6":"product_cat-red-wine","7":"product_tag-beaujolais-en-2","8":"product_tag-france-en-4","9":"product_tag-frederic-berne-en","10":"product_tag-gamay-en-2","11":"product_tag-morgon-en-2","12":"pa_berba-2020-en","13":"pa_drzava-france","14":"pa_regija-beaujolais-en","15":"pa_sorta-gamay-en","16":"pa_vinarija-frederic-berne-en","17":"pa_vrste-vina-red-wine","19":"first","20":"outofstock","21":"shipping-taxable","22":"purchasable","23":"product-type-simple"},"_links":{"self":[{"href":"https:\/\/enozoik.com\/en\/wp-json\/wp\/v2\/product\/7487","targetHints":{"allow":["GET"]}}],"collection":[{"href":"https:\/\/enozoik.com\/en\/wp-json\/wp\/v2\/product"}],"about":[{"href":"https:\/\/enozoik.com\/en\/wp-json\/wp\/v2\/types\/product"}],"wp:featuredmedia":[{"embeddable":true,"href":"https:\/\/enozoik.com\/en\/wp-json\/wp\/v2\/media\/4807"}],"wp:attachment":[{"href":"https:\/\/enozoik.com\/en\/wp-json\/wp\/v2\/media?parent=7487"}],"wp:term":[{"taxonomy":"product_brand","embeddable":true,"href":"https:\/\/enozoik.com\/en\/wp-json\/wp\/v2\/product_brand?post=7487"},{"taxonomy":"product_cat","embeddable":true,"href":"https:\/\/enozoik.com\/en\/wp-json\/wp\/v2\/product_cat?post=7487"},{"taxonomy":"product_tag","embeddable":true,"href":"https:\/\/enozoik.com\/en\/wp-json\/wp\/v2\/product_tag?post=7487"}],"curies":[{"name":"wp","href":"https:\/\/api.w.org\/{rel}","templated":true}]}}