{"id":7489,"date":"2018-10-03T14:46:19","date_gmt":"2018-10-03T14:46:19","guid":{"rendered":"https:\/\/www.enozoik.com\/product\/2021-chateau-macquin-saint-georges-saint-emilion-bordeaux-buy-online\/"},"modified":"2026-03-12T07:47:38","modified_gmt":"2026-03-12T07:47:38","slug":"2021-chateau-macquin-saint-georges-saint-emilion-bordeaux-buy-online","status":"publish","type":"product","link":"https:\/\/enozoik.com\/en\/product\/2021-chateau-macquin-saint-georges-saint-emilion-bordeaux-buy-online\/","title":{"rendered":"2021 Ch\u00e2teau Macquin Saint-Georges Saint-\u00c9milion, Bordeaux &#8211; buy online"},"content":{"rendered":"<h3><strong>WHO?<\/strong><\/h3>\n<p>Ch\u00e2teau Macquin, koji datira jo\u0161 od 1885. godine, svoju povijest zapo\u010deo je pod vodstvom osniva\u010da Fran\u00e7ois-Albert Macquina. Fran\u00e7ois je bio prvi koji je nakon izbijanja filoksere (trsnog u\u0161enca) u 19. stolje\u0107u zapo\u010deo s ponovnim sa\u0111enjem loza u Saint-\u00c9milionu. Danas, posjed vode njegov unuk Denis i njegova supruga Christine Corre-Macquin, koji posjeduju 27 hektara pod nasadima u obje presti\u017ene apelacije, Saint-\u00c9milionu i Pomerolu.<\/p>\n<h3><strong>WHERE?<\/strong><\/h3>\n<p>Ch\u00e2teau Macquin smje\u0161ten je samo 3 kilometra sjeverno od Saint-\u00c9miliona, u malom selu Saint-Georges, najmanjoj od svih bordo\u0161kih apelacija s povr\u0161inom od 180 hektara. Iako malen, Saint-Georges ima visoku nadmorsku visinu od 89 metara, \u0161to mu omogu\u0107uje jednu od najboljih ekspozicija na Desnoj Obali, pru\u017eaju\u0107i vinima svje\u017einu i koncentraciju. Loze su posa\u0111ene na ju\u017enim obroncima, na kombinaciji gline i vapnenca, s prosje\u010dnom staro\u0161\u0107u izme\u0111u 15 i 60 godina.<\/p>\n<h3><strong>WHY?<\/strong><\/h3>\n<p>Ch\u00e2teau Macquin je jedan od najpresti\u017enijih posjeda u Saint-Georges Saint-\u00c9milionu, zajedno s Chateau Saint Georges. To je izuzetno izda\u0161no i rasko\u0161no vino koje pru\u017ea odli\u010dan uvid u &#8220;mek\u0161u&#8221; stranu bordo\u0161kih vina. Arome zrelih crvenih vi\u0161anja, likera od crnog ribizla i nijanse likerice isti\u010du se na nosu. Na nepcu je punog tijela s zrelim, svilenkastim taninima. Okusi crvenog i crnog bobi\u010dastog vo\u0107a, duhana i nota grafita balansirani su nenametljivim kiselinama.<\/p>\n","protected":false},"excerpt":{"rendered":"<div class=\"flex-shrink-0 flex flex-col relative items-end\">\n<div>\n<div class=\"pt-0.5 juice:pt-0\">\n<div class=\"gizmo-bot-avatar flex h-6 w-6 items-center justify-center overflow-hidden rounded-full juice:h-8 juice:w-8\">\n<div class=\"relative p-1 rounded-sm flex items-center justify-center bg-token-main-surface-primary text-token-text-primary h-8 w-8\"><span style=\"color: #555555; font-size: 14.4px;\">Ch\u00e2teau Macquin has been a tremendous discovery for us &#8211; an exceptionally generous and opulent wine that serves as an excellent introduction to the softer side of Bordeaux.<\/span><\/div>\n<\/div>\n<\/div>\n<\/div>\n<\/div>\n","protected":false},"featured_media":5089,"template":"","meta":[],"product_brand":[],"product_cat":[1010],"product_tag":[1825,1853,1796,1305,2016],"class_list":{"0":"post-7489","1":"product","2":"type-product","3":"status-publish","4":"has-post-thumbnail","6":"product_cat-red-wine","7":"product_tag-bordeaux-en-2","8":"product_tag-bordeaux-blend-en-2","9":"product_tag-france-en-4","10":"product_tag-merlot-en-2","11":"product_tag-saint-emilion-en-2","12":"pa_berba-2023-en","13":"pa_drzava-france","14":"pa_regija-bordeaux-en","15":"pa_regija-saint-georges-saint-emilion-en","16":"pa_sorta-cabernet-franc-en","17":"pa_sorta-cabernet-sauvignon-en","18":"pa_sorta-merlot-en","19":"pa_vinarija-chateau-macquin-en","20":"pa_vrste-vina-red-wine","22":"first","23":"instock","24":"shipping-taxable","25":"purchasable","26":"product-type-simple"},"_links":{"self":[{"href":"https:\/\/enozoik.com\/en\/wp-json\/wp\/v2\/product\/7489","targetHints":{"allow":["GET"]}}],"collection":[{"href":"https:\/\/enozoik.com\/en\/wp-json\/wp\/v2\/product"}],"about":[{"href":"https:\/\/enozoik.com\/en\/wp-json\/wp\/v2\/types\/product"}],"wp:featuredmedia":[{"embeddable":true,"href":"https:\/\/enozoik.com\/en\/wp-json\/wp\/v2\/media\/5089"}],"wp:attachment":[{"href":"https:\/\/enozoik.com\/en\/wp-json\/wp\/v2\/media?parent=7489"}],"wp:term":[{"taxonomy":"product_brand","embeddable":true,"href":"https:\/\/enozoik.com\/en\/wp-json\/wp\/v2\/product_brand?post=7489"},{"taxonomy":"product_cat","embeddable":true,"href":"https:\/\/enozoik.com\/en\/wp-json\/wp\/v2\/product_cat?post=7489"},{"taxonomy":"product_tag","embeddable":true,"href":"https:\/\/enozoik.com\/en\/wp-json\/wp\/v2\/product_tag?post=7489"}],"curies":[{"name":"wp","href":"https:\/\/api.w.org\/{rel}","templated":true}]}}