{"id":7495,"date":"2018-04-29T23:40:10","date_gmt":"2018-04-29T23:40:10","guid":{"rendered":"https:\/\/www.enozoik.com\/product\/2015-legovina-noir-cuvee-nobile-hrvatska-istra-zapadna-istra-buy-online\/"},"modified":"2024-12-03T21:04:17","modified_gmt":"2024-12-03T21:04:17","slug":"2015-legovina-noir-cuvee-nobile-hrvatska-istra-zapadna-istra-buy-online","status":"publish","type":"product","link":"https:\/\/enozoik.com\/en\/product\/2015-legovina-noir-cuvee-nobile-hrvatska-istra-zapadna-istra-buy-online\/","title":{"rendered":"2015 Legovina Noir Cuv\u00e9e Nobile Hrvatska Istra, Zapadna Istra &#8211; buy online"},"content":{"rendered":"<div class=\"flex flex-grow flex-col max-w-full\">\n<div class=\"min-h-[20px] text-message flex flex-col items-start whitespace-pre-wrap break-words [.text-message+&amp;]:mt-5 juice:w-full juice:items-end overflow-x-auto gap-2\" dir=\"auto\" data-message-author-role=\"assistant\" data-message-id=\"01133b1c-16f9-47bd-ae1d-14d3b4fd9512\">\n<div class=\"flex w-full flex-col gap-1 juice:empty:hidden juice:first:pt-[3px]\">\n<div class=\"markdown prose w-full break-words dark:prose-invert light\">\n<h3><strong>WHO?<\/strong><\/h3>\n<p>The wine heritage of the Legovi\u0107 family dates back to 1937. For four generations, the family of winemakers and vine growers, deeply rooted in the red soils of Istria, has been cultivating 12 hectares of vineyards. Today, Valter (formerly the chief oenologist at Agrolaguna) and his son Marko are fully dedicated to winemaking. They plant selected grape varieties from globally recognized regions, ensuring quality that has no alternative here.<\/p>\n<h3><strong>WHERE?<\/strong><\/h3>\n<p>In Western Istria, near the picturesque village of Ka\u0161telir, lies Meki\u0161i, an authentic old Istrian estate that is now the residence and cellar of the Legovi\u0107 family. The vineyards are situated at an altitude of 220-250 meters on the famous Istrian red soil, rich in bauxite and high iron content, which imparts a strong mineral character to the wines. Here, the essence of the terroir is masterfully captured in every glass.<\/p>\n<h3><strong>WHY?<\/strong><\/h3>\n<p>Only in exceptional vintages, after strict selection of the best grapes from the oldest vines, is the Nobile line produced. In the 2015 vintage, just over 5000 bottles were filled, which, after spending 7 years in the cellar, are now being released to the market. This terroir-driven wine, both elegant and energetic, symbolizes Bordeaux pedigree in an Istrian guise. It offers a harmony of full flavors, deliciously ripe fruit, deep balsamic notes, and stony minerality. Undoubtedly, the best vintage to date.<\/p>\n<\/div>\n<\/div>\n<\/div>\n<\/div>\n","protected":false},"excerpt":{"rendered":"<p>A terroir-driven wine, both elegant and energetic, symbolizes Bordeaux pedigree in an Istrian guise.<\/p>\n","protected":false},"featured_media":4776,"template":"","meta":[],"product_brand":[],"product_cat":[1014,1010],"product_tag":[1853,1918,1306,2026,1452,1305],"class_list":{"0":"post-7495","1":"product","2":"type-product","3":"status-publish","4":"has-post-thumbnail","6":"product_cat-our-choice","7":"product_cat-red-wine","8":"product_tag-bordeaux-blend-en-2","9":"product_tag-cabernet-franc-en-2","10":"product_tag-cabernet-sauvignon-en-2","11":"product_tag-istra-en-2","12":"product_tag-legovina-en-2","13":"product_tag-merlot-en-2","14":"pa_berba-2015-en","15":"pa_drzava-croatia","16":"pa_regija-croatian-istria-western-istria","17":"pa_sorta-cabernet-franc-en","18":"pa_sorta-cabernet-sauvignon-en","19":"pa_sorta-merlot-en","20":"pa_vinarija-legovina-en","21":"pa_vrste-vina-red-wine","23":"first","24":"instock","25":"shipping-taxable","26":"purchasable","27":"product-type-simple"},"_links":{"self":[{"href":"https:\/\/enozoik.com\/en\/wp-json\/wp\/v2\/product\/7495","targetHints":{"allow":["GET"]}}],"collection":[{"href":"https:\/\/enozoik.com\/en\/wp-json\/wp\/v2\/product"}],"about":[{"href":"https:\/\/enozoik.com\/en\/wp-json\/wp\/v2\/types\/product"}],"wp:featuredmedia":[{"embeddable":true,"href":"https:\/\/enozoik.com\/en\/wp-json\/wp\/v2\/media\/4776"}],"wp:attachment":[{"href":"https:\/\/enozoik.com\/en\/wp-json\/wp\/v2\/media?parent=7495"}],"wp:term":[{"taxonomy":"product_brand","embeddable":true,"href":"https:\/\/enozoik.com\/en\/wp-json\/wp\/v2\/product_brand?post=7495"},{"taxonomy":"product_cat","embeddable":true,"href":"https:\/\/enozoik.com\/en\/wp-json\/wp\/v2\/product_cat?post=7495"},{"taxonomy":"product_tag","embeddable":true,"href":"https:\/\/enozoik.com\/en\/wp-json\/wp\/v2\/product_tag?post=7495"}],"curies":[{"name":"wp","href":"https:\/\/api.w.org\/{rel}","templated":true}]}}