{"id":7499,"date":"2018-04-05T19:46:30","date_gmt":"2018-04-05T19:46:30","guid":{"rendered":"https:\/\/www.enozoik.com\/product\/2020-brkic-plava-greda-middle-neretva-buy-online\/"},"modified":"2018-04-05T19:46:30","modified_gmt":"2018-04-05T19:46:30","slug":"2020-brkic-plava-greda-middle-neretva-buy-online","status":"publish","type":"product","link":"https:\/\/enozoik.com\/en\/product\/2020-brkic-plava-greda-middle-neretva-buy-online\/","title":{"rendered":"2020 Brki\u0107 Plava Greda, Middle Neretva &#8211; buy online"},"content":{"rendered":"<h3><strong>TKO?<\/strong><\/h3>\n<p>If you want an introduction to Bosnian-Herzegovinian wines, the first name that should come to mind is Josip Brki\u0107. He is one of the pioneers who has tamed indigenous varieties such as \u017dilavka and Blatina. Brki\u0107 also invests enormous efforts to put the Mostar vineyard on the international map of relevant wine regions by applying biodynamic principles and using Bosnian oak. He aims to pass on his practices to other grape growers as well.<\/p>\n<h3><strong>WHERE?<\/strong><\/h3>\n<p>In the 1970s, Pa\u0161ko Brki\u0107 planted vineyards in \u010citluk \u2013 the Mostar vineyard located south of Mostar in Bosnia and Herzegovina &#8211; at elevations ranging from 250 to 400 meters above sea level. Initially, when Josip stopped using pesticides, the vineyards experienced shock, similar to a recovering addict. Through organic viticulture, diseases were suppressed, and thanks to this, the purity of the grape variety shines brighter than ever.<\/p>\n<h3><strong>WHY?<\/strong><\/h3>\n<p>One of the few red wines that encapsulates so much character, harmony, and fresh ripeness at just 12.5% alcohol by volume. Greda is the name of the micro-location where more than 35-year-old vineyards are located, yielding grapes that, in Josip&#8217;s hands, become the most authentic expression of Blatina. Fermented on indigenous yeasts (over a period of 18-24 months) in barrels made of local Bosnian oak, which only frames the delicate nature of the variety and accentuates all the beauty of its terroir.<\/p>\n","protected":false},"excerpt":{"rendered":"<div class=\"flex-shrink-0 flex flex-col relative items-end\">\n<div>\n<div class=\"pt-0.5 juice:pt-0\">\n<div class=\"gizmo-bot-avatar flex h-6 w-6 items-center justify-center overflow-hidden rounded-full juice:h-8 juice:w-8\">\n<div class=\"relative p-1 rounded-sm flex items-center justify-center bg-token-main-surface-primary text-token-text-primary h-8 w-8\"><span style=\"color: #555555; font-size: 14.4px;\">Greda is the name of the micro-location where more than 35-year-old vineyards are located, yielding grapes that, in Josip&#8217;s hands, become convincingly the most authentic expression of Blatina.<\/span><\/div>\n<\/div>\n<\/div>\n<\/div>\n<\/div>\n","protected":false},"featured_media":6209,"template":"","meta":[],"product_brand":[],"product_cat":[1010],"product_tag":[1868,1867,2030],"class_list":{"0":"post-7499","1":"product","2":"type-product","3":"status-publish","4":"has-post-thumbnail","6":"product_cat-red-wine","7":"product_tag-blatina-en-2","8":"product_tag-bosna-i-hercegovina-en","9":"product_tag-neretva-en-2","10":"pa_berba-2020-en","11":"pa_drzava-bih-en","12":"pa_regija-middle-neretva-en","13":"pa_sorta-blatina-en","14":"pa_vinarija-brkic-en","15":"pa_vrste-vina-red-wine","17":"first","18":"outofstock","19":"shipping-taxable","20":"purchasable","21":"product-type-simple"},"_links":{"self":[{"href":"https:\/\/enozoik.com\/en\/wp-json\/wp\/v2\/product\/7499","targetHints":{"allow":["GET"]}}],"collection":[{"href":"https:\/\/enozoik.com\/en\/wp-json\/wp\/v2\/product"}],"about":[{"href":"https:\/\/enozoik.com\/en\/wp-json\/wp\/v2\/types\/product"}],"wp:featuredmedia":[{"embeddable":true,"href":"https:\/\/enozoik.com\/en\/wp-json\/wp\/v2\/media\/6209"}],"wp:attachment":[{"href":"https:\/\/enozoik.com\/en\/wp-json\/wp\/v2\/media?parent=7499"}],"wp:term":[{"taxonomy":"product_brand","embeddable":true,"href":"https:\/\/enozoik.com\/en\/wp-json\/wp\/v2\/product_brand?post=7499"},{"taxonomy":"product_cat","embeddable":true,"href":"https:\/\/enozoik.com\/en\/wp-json\/wp\/v2\/product_cat?post=7499"},{"taxonomy":"product_tag","embeddable":true,"href":"https:\/\/enozoik.com\/en\/wp-json\/wp\/v2\/product_tag?post=7499"}],"curies":[{"name":"wp","href":"https:\/\/api.w.org\/{rel}","templated":true}]}}