{"id":7501,"date":"2018-03-21T01:21:02","date_gmt":"2018-03-21T01:21:02","guid":{"rendered":"https:\/\/www.enozoik.com\/product\/2021-familia-castano-hecula-organic-monastrell-murcia-d-o-yecla-buy-online\/"},"modified":"2018-03-21T01:21:02","modified_gmt":"2018-03-21T01:21:02","slug":"2021-familia-castano-hecula-organic-monastrell-murcia-d-o-yecla-buy-online","status":"publish","type":"product","link":"https:\/\/enozoik.com\/en\/product\/2021-familia-castano-hecula-organic-monastrell-murcia-d-o-yecla-buy-online\/","title":{"rendered":"2021 Familia Casta\u00f1o H\u00e9cula Organic Monastrell Murcia, D.O. Yecla &#8211; buy online"},"content":{"rendered":"<h3><strong>WHO?<\/strong><\/h3>\n<p>H\u00e9cula is one of the wines that comes from the Bodegas Casta\u00f1o cellar, located in the Yecla subregion in southeastern Spain. For generations, the Casta\u00f1o family has been producing wines that have become a symbol of the region, standing out for their lavish warmth and high quality. The Las Gruesas and Pozuelo vineyards, situated at an altitude of 750-800 meters above sea level, on poor limestone soil, yield grapes that form the basis of the H\u00e9cula wine.<\/p>\n<h3><strong>WHERE?<\/strong><\/h3>\n<p>This area is characterized by pronounced continental climate, with extreme temperatures ranging from -10\u00baC in winter to 42\u00baC in summer. The vines, averaging 50 years old, grow in bush form, with the native Monastrell grape variety predominating, accounting for 80% of the planted areas.<\/p>\n<h3><strong>WHY?<\/strong><\/h3>\n<p>H\u00e9cula wine stands out for its concentration, deep color, minerality, and fruity character. Although it appears simple, this wine surprises with its complexity, freshness, and excellent structure. Aromas of raspberry, licorice, and floral notes subtly intertwine with oak notes, leading to a long, balanced finish. With its harmony and juiciness, H\u00e9cula offers an outstanding ratio of price to quality, recognized by both experts and wine enthusiasts.<\/p>\n","protected":false},"excerpt":{"rendered":"<div class=\"flex-shrink-0 flex flex-col relative items-end\">\n<div>\n<div class=\"pt-0.5 juice:pt-0\">\n<div class=\"gizmo-bot-avatar flex h-6 w-6 items-center justify-center overflow-hidden rounded-full juice:h-8 juice:w-8\">\n<div class=\"relative p-1 rounded-sm flex items-center justify-center bg-token-main-surface-primary text-token-text-primary h-8 w-8\"><span style=\"color: #555555; font-size: 14.4px;\">H\u00e9cula is a combination of concentration, deep color intensity, minerality, fruitiness, and a wonderful texture. It&#8217;s a wine that boasts an unbeatable ratio of price to quality.<\/span><\/div>\n<\/div>\n<\/div>\n<\/div>\n<\/div>\n","protected":false},"featured_media":5578,"template":"","meta":[],"product_brand":[],"product_cat":[1010],"product_tag":[2033,2034,1471,2035],"class_list":{"0":"post-7501","1":"product","2":"type-product","3":"status-publish","4":"has-post-thumbnail","6":"product_cat-red-wine","7":"product_tag-monastrell-en-2","8":"product_tag-murcia-en-2","9":"product_tag-spanjolska-en","10":"product_tag-yecla-en-2","11":"pa_berba-2022-en","12":"pa_drzava-spain","13":"pa_regija-murcia-en","14":"pa_sorta-monastrell-en","15":"pa_vinarija-familia-castano-en","16":"pa_vrste-vina-red-wine","18":"first","19":"instock","20":"shipping-taxable","21":"purchasable","22":"product-type-simple"},"_links":{"self":[{"href":"https:\/\/enozoik.com\/en\/wp-json\/wp\/v2\/product\/7501","targetHints":{"allow":["GET"]}}],"collection":[{"href":"https:\/\/enozoik.com\/en\/wp-json\/wp\/v2\/product"}],"about":[{"href":"https:\/\/enozoik.com\/en\/wp-json\/wp\/v2\/types\/product"}],"wp:featuredmedia":[{"embeddable":true,"href":"https:\/\/enozoik.com\/en\/wp-json\/wp\/v2\/media\/5578"}],"wp:attachment":[{"href":"https:\/\/enozoik.com\/en\/wp-json\/wp\/v2\/media?parent=7501"}],"wp:term":[{"taxonomy":"product_brand","embeddable":true,"href":"https:\/\/enozoik.com\/en\/wp-json\/wp\/v2\/product_brand?post=7501"},{"taxonomy":"product_cat","embeddable":true,"href":"https:\/\/enozoik.com\/en\/wp-json\/wp\/v2\/product_cat?post=7501"},{"taxonomy":"product_tag","embeddable":true,"href":"https:\/\/enozoik.com\/en\/wp-json\/wp\/v2\/product_tag?post=7501"}],"curies":[{"name":"wp","href":"https:\/\/api.w.org\/{rel}","templated":true}]}}