{"id":8210,"date":"2025-12-16T13:10:58","date_gmt":"2025-12-16T13:10:58","guid":{"rendered":"https:\/\/enozoik.com\/product\/2022-chateau-du-moulin-a-vent-moulin-a-vent-buy-online\/"},"modified":"2025-12-16T13:10:58","modified_gmt":"2025-12-16T13:10:58","slug":"2022-chateau-du-moulin-a-vent-moulin-a-vent-buy-online","status":"publish","type":"product","link":"https:\/\/enozoik.com\/en\/product\/2022-chateau-du-moulin-a-vent-moulin-a-vent-buy-online\/","title":{"rendered":"2022 Ch\u00e2teau du Moulin-\u00e0-Vent, Moulin-\u00e0-Vent &#8211; buy online"},"content":{"rendered":"<h3><strong>WHO?<\/strong><\/h3>\n<p>The history of Ch\u00e2teau du Moulin-\u00e0-Vent dates back to 1732 when it was previously known as Ch\u00e2teau des Thorins. Both the Ch\u00e2teau and Beaujolais Cru take their name from the area&#8217;s emblematic windmill, built in 1550 and still standing today. In 2009, Jean-Jacques Parinet purchased the estate and, along with his son Edouard, began replanting 70,000 vines, moved to sustainable viticulture and invested in new French oak barrels in the cellar. In the 19th Century, a barrel of Moulin-\u00e0-Vent sold for more than a barrel of Chambertin, while in 1932, it was more affordable to purchase vines in &#8216;Clos de Tart&#8217; than Moulin-\u00e0-Vent&#8217;s &#8216;Les Thorins&#8217;!<\/p>\n<h3><strong>WHERE?<\/strong><\/h3>\n<p>Beaujolais has experienced a turbulent history since then, yet thanks to a quality revolution in the 21st Century, the appellation is once again thriving today. As such,\u00a0after tasting Chateau&#8217;s 1976 wine,\u00a0Andy Howard MW (Decanter),\u00a0rightfully muses on its potential to be\u00a0<em>&#8216;considered alongside the finest Pinot Noir wines from a little further to the North&#8217;.<\/em> Most recently, Moulin-\u00e0-Vent has filed to classify 14 of its 69 lieux-dits as 1er Cru sites.\u00a0<strong>Ch\u00e2teau du Moulin-\u00e0-Vent are proud to own vineyards on eight of these (representing 80% of their vineyard holdings), including the single vineyards &#8216;La Rochelle&#8217; and &#8216;Champ de Cour&#8217;.<\/strong><\/p>\n<h3><strong>WHY?<\/strong><\/h3>\n<p>Moulin-\u00e0-Vent remains one of the most coveted Beaujolais Crus, leading the charge in repositing Cru Beaujolais as fine, age-worthy wines<strong>. <\/strong>The Gamay for this wine hails from three famed plots, including the iconic &#8216;Les Thorins&#8217; (once more expensive to buy land\u00a0here than\u00a0in\u00a0Clos de Tart!). The vines are Gobelet trained on wires &#8216;en \u00e9ventail&#8217;\u00a0(in a fan shape), allowing trellising and better canopy management, and are on average 50 years old. The vineyards are farmed following both organic and biodynamic practices and will be officially certified organic from the 2024 vintage. Aromatic and full of cherry and blueberry notes, this plush red shows why this appellation is so highly prized.<\/p>\n","protected":false},"excerpt":{"rendered":"<p>Moulin-\u00e0-Vent remains one of the most coveted Beaujolais Crus, leading the charge in repositing Cru Beaujolais as fine, age-worthy wines<strong>.<\/strong><\/p>\n","protected":false},"featured_media":8207,"template":"","meta":[],"product_brand":[],"product_cat":[1010],"product_tag":[2011,1796,2012],"class_list":{"0":"post-8210","1":"product","2":"type-product","3":"status-publish","4":"has-post-thumbnail","6":"product_cat-red-wine","7":"product_tag-beaujolais-en-2","8":"product_tag-france-en-4","9":"product_tag-gamay-en-2","10":"pa_berba-2022-en","11":"pa_drzava-france","12":"pa_regija-beaujolais-en","13":"pa_sorta-gamay-en","14":"pa_vinarija-chateau-du-moulin-a-vent","15":"pa_vrste-vina-red-wine","17":"first","18":"instock","19":"shipping-taxable","20":"purchasable","21":"product-type-simple"},"_links":{"self":[{"href":"https:\/\/enozoik.com\/en\/wp-json\/wp\/v2\/product\/8210","targetHints":{"allow":["GET"]}}],"collection":[{"href":"https:\/\/enozoik.com\/en\/wp-json\/wp\/v2\/product"}],"about":[{"href":"https:\/\/enozoik.com\/en\/wp-json\/wp\/v2\/types\/product"}],"wp:featuredmedia":[{"embeddable":true,"href":"https:\/\/enozoik.com\/en\/wp-json\/wp\/v2\/media\/8207"}],"wp:attachment":[{"href":"https:\/\/enozoik.com\/en\/wp-json\/wp\/v2\/media?parent=8210"}],"wp:term":[{"taxonomy":"product_brand","embeddable":true,"href":"https:\/\/enozoik.com\/en\/wp-json\/wp\/v2\/product_brand?post=8210"},{"taxonomy":"product_cat","embeddable":true,"href":"https:\/\/enozoik.com\/en\/wp-json\/wp\/v2\/product_cat?post=8210"},{"taxonomy":"product_tag","embeddable":true,"href":"https:\/\/enozoik.com\/en\/wp-json\/wp\/v2\/product_tag?post=8210"}],"curies":[{"name":"wp","href":"https:\/\/api.w.org\/{rel}","templated":true}]}}